{"id":3,"date":"2022-11-30T00:09:26","date_gmt":"2022-11-29T23:09:26","guid":{"rendered":"http:\/\/jhpierson-avocat.com\/?page_id=3"},"modified":"2023-01-16T12:46:35","modified_gmt":"2023-01-16T11:46:35","slug":"politique-de-confidentialite","status":"publish","type":"page","link":"https:\/\/jhpierson-avocat.com\/index.php\/politique-de-confidentialite\/","title":{"rendered":"Politique de confidentialit\u00e9"},"content":{"rendered":"\n<p>Le propri\u00e9taire du site s\u2019engage \u00e0 ce que la collecte et le traitement des donn\u00e9es personnelles, effectu\u00e9s \u00e0 partir du site jhpierson-avocat.com, soient conformes au R\u00e8glement G\u00e9n\u00e9ral sur la Protection des Donn\u00e9es (RGPD) et \u00e0 la loi Informatique et Libert\u00e9s.<\/p>\n\n\n\n<h2 class=\"wp-block-heading\">Donn\u00e9es personnelles<\/h2>\n\n\n\n<p>Le propri\u00e9taire du site collecte les donn\u00e9es personnelles des internautes dans le cadre de leur utilisation du site :<\/p>\n\n\n\n<p>Lorsqu\u2019un internaute entre en contact par le biais d\u2019un formulaire de contact, l\u2019internaute donne express\u00e9ment son accord pour que ses donn\u00e9es personnelles soient utilis\u00e9es pour mener \u00e0 bien sa demande et lui apporter une r\u00e9ponse. Ces donn\u00e9es sont, sauf mention contraire, conserv\u00e9es ind\u00e9finiment.<\/p>\n\n\n\n<p>Par ailleurs, le propri\u00e9taire du site s\u2019engage \u00e0 :<\/p>\n\n\n\n<ul class=\"wp-block-list\">\n<li>Ne pas utiliser les donn\u00e9es personnelles de nos internautes pour d\u2019autres finalit\u00e9s que celles pr\u00e9cis\u00e9es ci-dessus.<\/li>\n\n\n\n<li>Ne pas publier, divulguer ou transmettre les donn\u00e9es personnelles de nos internautes, sans leur accord pr\u00e9alable et expr\u00e8s.<\/li>\n\n\n\n<li>La pr\u00e9sente politique de confidentialit\u00e9 peut \u00eatre modifi\u00e9e \u00e0 tout moment, notamment en application des lois et r\u00e8glements en vigueur.<\/li>\n<\/ul>\n\n\n\n<p>Conform\u00e9ment \u00e0 la loi informatique et libert\u00e9 du 6 janvier 1978, et notamment son article 27, vous disposez d\u2019un droit d\u2019acc\u00e8s et de rectification des donn\u00e9es vous concernant. Pour l\u2019exercer, adressez-vous \u00e0 Jean Hugues Pierson par courriel \u00e0: <a href=\"mailto:jhp@jhpierson-avocat.com\" target=\"_blank\" rel=\"noreferrer noopener\">jhp@jhpierson-avocat.com<\/a>.<\/p>\n","protected":false},"excerpt":{"rendered":"<p>Le propri\u00e9taire du site s\u2019engage \u00e0 ce que la collecte et le traitement des donn\u00e9es personnelles, effectu\u00e9s \u00e0 partir du site jhpierson-avocat.com, soient conformes au R\u00e8glement G\u00e9n\u00e9ral sur la Protection des Donn\u00e9es (RGPD) et \u00e0 la loi Informatique et Libert\u00e9s. Donn\u00e9es personnelles Le propri\u00e9taire du site collecte les donn\u00e9es personnelles des internautes dans le cadre &#8230; <a title=\"Politique de confidentialit\u00e9\" class=\"read-more\" href=\"https:\/\/jhpierson-avocat.com\/index.php\/politique-de-confidentialite\/\" aria-label=\"En savoir plus sur Politique de confidentialit\u00e9\">Lire la suite<\/a><\/p>\n","protected":false},"author":1,"featured_media":0,"parent":0,"menu_order":0,"comment_status":"closed","ping_status":"open","template":"","meta":{"footnotes":""},"class_list":["post-3","page","type-page","status-publish"],"yoast_head":"<!-- This site is optimized with the Yoast SEO plugin v26.8 - https:\/\/yoast.com\/product\/yoast-seo-wordpress\/ -->\n<title>Politique de confidentialit\u00e9 - Jean Hugues Pierson<\/title>\n<meta name=\"robots\" content=\"index, follow, max-snippet:-1, max-image-preview:large, max-video-preview:-1\" \/>\n<link rel=\"canonical\" href=\"https:\/\/jhpierson-avocat.com\/index.php\/politique-de-confidentialite\/\" \/>\n<meta property=\"og:locale\" content=\"fr_FR\" \/>\n<meta property=\"og:type\" content=\"article\" \/>\n<meta property=\"og:title\" content=\"Politique de confidentialit\u00e9 - Jean Hugues Pierson\" \/>\n<meta property=\"og:description\" content=\"Le propri\u00e9taire du site s\u2019engage \u00e0 ce que la collecte et le traitement des donn\u00e9es personnelles, effectu\u00e9s \u00e0 partir du site jhpierson-avocat.com, soient conformes au R\u00e8glement G\u00e9n\u00e9ral sur la Protection des Donn\u00e9es (RGPD) et \u00e0 la loi Informatique et Libert\u00e9s. Donn\u00e9es personnelles Le propri\u00e9taire du site collecte les donn\u00e9es personnelles des internautes dans le cadre ... Lire la suite\" \/>\n<meta property=\"og:url\" content=\"https:\/\/jhpierson-avocat.com\/index.php\/politique-de-confidentialite\/\" \/>\n<meta property=\"og:site_name\" content=\"Jean Hugues Pierson\" \/>\n<meta property=\"article:modified_time\" content=\"2023-01-16T11:46:35+00:00\" \/>\n<meta name=\"twitter:card\" content=\"summary_large_image\" \/>\n<meta name=\"twitter:label1\" content=\"Dur\u00e9e de lecture estim\u00e9e\" \/>\n\t<meta name=\"twitter:data1\" content=\"1 minute\" \/>\n<script type=\"application\/ld+json\" class=\"yoast-schema-graph\">{\"@context\":\"https:\/\/schema.org\",\"@graph\":[{\"@type\":\"WebPage\",\"@id\":\"https:\/\/jhpierson-avocat.com\/index.php\/politique-de-confidentialite\/\",\"url\":\"https:\/\/jhpierson-avocat.com\/index.php\/politique-de-confidentialite\/\",\"name\":\"Politique de confidentialit\u00e9 - Jean Hugues Pierson\",\"isPartOf\":{\"@id\":\"https:\/\/jhpierson-avocat.com\/#website\"},\"datePublished\":\"2022-11-29T23:09:26+00:00\",\"dateModified\":\"2023-01-16T11:46:35+00:00\",\"breadcrumb\":{\"@id\":\"https:\/\/jhpierson-avocat.com\/index.php\/politique-de-confidentialite\/#breadcrumb\"},\"inLanguage\":\"fr-FR\",\"potentialAction\":[{\"@type\":\"ReadAction\",\"target\":[\"https:\/\/jhpierson-avocat.com\/index.php\/politique-de-confidentialite\/\"]}]},{\"@type\":\"BreadcrumbList\",\"@id\":\"https:\/\/jhpierson-avocat.com\/index.php\/politique-de-confidentialite\/#breadcrumb\",\"itemListElement\":[{\"@type\":\"ListItem\",\"position\":1,\"name\":\"Accueil\",\"item\":\"https:\/\/jhpierson-avocat.com\/\"},{\"@type\":\"ListItem\",\"position\":2,\"name\":\"Politique de confidentialit\u00e9\"}]},{\"@type\":\"WebSite\",\"@id\":\"https:\/\/jhpierson-avocat.com\/#website\",\"url\":\"https:\/\/jhpierson-avocat.com\/\",\"name\":\"Jean Hugues Piersonjhpierson-avocat.com\",\"description\":\"Avocat au barreau de Paris\",\"publisher\":{\"@id\":\"https:\/\/jhpierson-avocat.com\/#\/schema\/person\/62781dbe11e70712f811f5ac768f1c63\"},\"potentialAction\":[{\"@type\":\"SearchAction\",\"target\":{\"@type\":\"EntryPoint\",\"urlTemplate\":\"https:\/\/jhpierson-avocat.com\/?s={search_term_string}\"},\"query-input\":{\"@type\":\"PropertyValueSpecification\",\"valueRequired\":true,\"valueName\":\"search_term_string\"}}],\"inLanguage\":\"fr-FR\"},{\"@type\":[\"Person\",\"Organization\"],\"@id\":\"https:\/\/jhpierson-avocat.com\/#\/schema\/person\/62781dbe11e70712f811f5ac768f1c63\",\"name\":\"JHPierson\",\"image\":{\"@type\":\"ImageObject\",\"inLanguage\":\"fr-FR\",\"@id\":\"https:\/\/jhpierson-avocat.com\/#\/schema\/person\/image\/\",\"url\":\"https:\/\/secure.gravatar.com\/avatar\/e3ee67eb0382221ccc7e2c92a7bc8cf84415620bc86e2fa3749cca71c3475f94?s=96&d=mm&r=g\",\"contentUrl\":\"https:\/\/secure.gravatar.com\/avatar\/e3ee67eb0382221ccc7e2c92a7bc8cf84415620bc86e2fa3749cca71c3475f94?s=96&d=mm&r=g\",\"caption\":\"JHPierson\"},\"logo\":{\"@id\":\"https:\/\/jhpierson-avocat.com\/#\/schema\/person\/image\/\"}}]}<\/script>\n<!-- \/ Yoast SEO plugin. -->","yoast_head_json":{"title":"Politique de confidentialit\u00e9 - Jean Hugues Pierson","robots":{"index":"index","follow":"follow","max-snippet":"max-snippet:-1","max-image-preview":"max-image-preview:large","max-video-preview":"max-video-preview:-1"},"canonical":"https:\/\/jhpierson-avocat.com\/index.php\/politique-de-confidentialite\/","og_locale":"fr_FR","og_type":"article","og_title":"Politique de confidentialit\u00e9 - Jean Hugues Pierson","og_description":"Le propri\u00e9taire du site s\u2019engage \u00e0 ce que la collecte et le traitement des donn\u00e9es personnelles, effectu\u00e9s \u00e0 partir du site jhpierson-avocat.com, soient conformes au R\u00e8glement G\u00e9n\u00e9ral sur la Protection des Donn\u00e9es (RGPD) et \u00e0 la loi Informatique et Libert\u00e9s. Donn\u00e9es personnelles Le propri\u00e9taire du site collecte les donn\u00e9es personnelles des internautes dans le cadre ... Lire la suite","og_url":"https:\/\/jhpierson-avocat.com\/index.php\/politique-de-confidentialite\/","og_site_name":"Jean Hugues Pierson","article_modified_time":"2023-01-16T11:46:35+00:00","twitter_card":"summary_large_image","twitter_misc":{"Dur\u00e9e de lecture estim\u00e9e":"1 minute"},"schema":{"@context":"https:\/\/schema.org","@graph":[{"@type":"WebPage","@id":"https:\/\/jhpierson-avocat.com\/index.php\/politique-de-confidentialite\/","url":"https:\/\/jhpierson-avocat.com\/index.php\/politique-de-confidentialite\/","name":"Politique de confidentialit\u00e9 - Jean Hugues Pierson","isPartOf":{"@id":"https:\/\/jhpierson-avocat.com\/#website"},"datePublished":"2022-11-29T23:09:26+00:00","dateModified":"2023-01-16T11:46:35+00:00","breadcrumb":{"@id":"https:\/\/jhpierson-avocat.com\/index.php\/politique-de-confidentialite\/#breadcrumb"},"inLanguage":"fr-FR","potentialAction":[{"@type":"ReadAction","target":["https:\/\/jhpierson-avocat.com\/index.php\/politique-de-confidentialite\/"]}]},{"@type":"BreadcrumbList","@id":"https:\/\/jhpierson-avocat.com\/index.php\/politique-de-confidentialite\/#breadcrumb","itemListElement":[{"@type":"ListItem","position":1,"name":"Accueil","item":"https:\/\/jhpierson-avocat.com\/"},{"@type":"ListItem","position":2,"name":"Politique de confidentialit\u00e9"}]},{"@type":"WebSite","@id":"https:\/\/jhpierson-avocat.com\/#website","url":"https:\/\/jhpierson-avocat.com\/","name":"Jean Hugues Piersonjhpierson-avocat.com","description":"Avocat au barreau de Paris","publisher":{"@id":"https:\/\/jhpierson-avocat.com\/#\/schema\/person\/62781dbe11e70712f811f5ac768f1c63"},"potentialAction":[{"@type":"SearchAction","target":{"@type":"EntryPoint","urlTemplate":"https:\/\/jhpierson-avocat.com\/?s={search_term_string}"},"query-input":{"@type":"PropertyValueSpecification","valueRequired":true,"valueName":"search_term_string"}}],"inLanguage":"fr-FR"},{"@type":["Person","Organization"],"@id":"https:\/\/jhpierson-avocat.com\/#\/schema\/person\/62781dbe11e70712f811f5ac768f1c63","name":"JHPierson","image":{"@type":"ImageObject","inLanguage":"fr-FR","@id":"https:\/\/jhpierson-avocat.com\/#\/schema\/person\/image\/","url":"https:\/\/secure.gravatar.com\/avatar\/e3ee67eb0382221ccc7e2c92a7bc8cf84415620bc86e2fa3749cca71c3475f94?s=96&d=mm&r=g","contentUrl":"https:\/\/secure.gravatar.com\/avatar\/e3ee67eb0382221ccc7e2c92a7bc8cf84415620bc86e2fa3749cca71c3475f94?s=96&d=mm&r=g","caption":"JHPierson"},"logo":{"@id":"https:\/\/jhpierson-avocat.com\/#\/schema\/person\/image\/"}}]}},"_links":{"self":[{"href":"https:\/\/jhpierson-avocat.com\/index.php\/wp-json\/wp\/v2\/pages\/3","targetHints":{"allow":["GET"]}}],"collection":[{"href":"https:\/\/jhpierson-avocat.com\/index.php\/wp-json\/wp\/v2\/pages"}],"about":[{"href":"https:\/\/jhpierson-avocat.com\/index.php\/wp-json\/wp\/v2\/types\/page"}],"author":[{"embeddable":true,"href":"https:\/\/jhpierson-avocat.com\/index.php\/wp-json\/wp\/v2\/users\/1"}],"replies":[{"embeddable":true,"href":"https:\/\/jhpierson-avocat.com\/index.php\/wp-json\/wp\/v2\/comments?post=3"}],"version-history":[{"count":1,"href":"https:\/\/jhpierson-avocat.com\/index.php\/wp-json\/wp\/v2\/pages\/3\/revisions"}],"predecessor-version":[{"id":363,"href":"https:\/\/jhpierson-avocat.com\/index.php\/wp-json\/wp\/v2\/pages\/3\/revisions\/363"}],"wp:attachment":[{"href":"https:\/\/jhpierson-avocat.com\/index.php\/wp-json\/wp\/v2\/media?parent=3"}],"curies":[{"name":"wp","href":"https:\/\/api.w.org\/{rel}","templated":true}]}}