{"id":540,"date":"2023-01-24T18:48:03","date_gmt":"2023-01-24T17:48:03","guid":{"rendered":"https:\/\/jhpierson-avocat.com\/?page_id=540"},"modified":"2023-09-25T17:03:36","modified_gmt":"2023-09-25T15:03:36","slug":"mon-approche-en-droit-de-lenvironnement","status":"publish","type":"page","link":"https:\/\/jhpierson-avocat.com\/index.php\/mon-approche-en-droit-de-lenvironnement\/","title":{"rendered":"Mon approche en droit de l\u2019environnement"},"content":{"rendered":"\n<p>Domaine encore largement en construction et de sources majoritairement europ\u00e9ennes, le droit de l\u2019environnement s\u2019est beaucoup d\u00e9velopp\u00e9 et affirm\u00e9 ces derni\u00e8res ann\u00e9es. Il est aussi devenu plus complexe.<\/p>\n\n\n\n<p>Bien qu\u2019il soit mal connu des entreprises comme des citoyens, le droit de l\u2019environnement est notre affaire \u00e0 tous : protection des espaces naturels, mise en place de politiques de lutte contre le r\u00e9chauffement climatique, autorisations relatives aux implantations industrielles et \u00e0 la gestion des d\u00e9chets, \u00e9conomie circulaire, \u00e9volution des mobilit\u00e9s\u2026 nous sommes tous concern\u00e9s par ces normes.<\/p>\n\n\n\n<p>L\u00e0 aussi, mon objectif est de vous aider \u00e0 d\u00e9crypter ce droit \u00e9mergent et mouvant afin de vous aider \u00e0 faire valoir vos droits, que vous soyez un particulier, une association, une collectivit\u00e9 publique ou une entreprise. Dans ce domaine \u00e9galement, je peux participer \u00e0 la repr\u00e9sentation de vos int\u00e9r\u00eats.<\/p>\n\n\n\n<p>Attach\u00e9 \u00e0 titre personnel \u00e0 la protection et \u00e0 la d\u00e9fense de l\u2019environnement je m\u00e8nerai cette action en conscience, ce qui suppose qu&rsquo;elle soit favorable \u00e0 la pr\u00e9servation de l&rsquo;environnement et au d\u00e9veloppement durable des territoires.<\/p>\n\n\n\n<div style=\"height:64px\" aria-hidden=\"true\" class=\"wp-block-spacer\"><\/div>\n\n\n\n<div class=\"wp-block-group alignfull arrets-jalons has-base-background-color has-background\"><div class=\"wp-block-group__inner-container is-layout-constrained wp-block-group-is-layout-constrained\"><\/div><\/div>\n","protected":false},"excerpt":{"rendered":"<p>Domaine encore largement en construction et de sources majoritairement europ\u00e9ennes, le droit de l\u2019environnement s\u2019est beaucoup d\u00e9velopp\u00e9 et affirm\u00e9 ces derni\u00e8res ann\u00e9es. Il est aussi devenu plus complexe. Bien qu\u2019il soit mal connu des entreprises comme des citoyens, le droit de l\u2019environnement est notre affaire \u00e0 tous : protection des espaces naturels, mise en place &#8230; <a title=\"Mon approche en droit de l\u2019environnement\" class=\"read-more\" href=\"https:\/\/jhpierson-avocat.com\/index.php\/mon-approche-en-droit-de-lenvironnement\/\" aria-label=\"En savoir plus sur Mon approche en droit de l\u2019environnement\">Lire la suite<\/a><\/p>\n","protected":false},"author":2,"featured_media":0,"parent":0,"menu_order":0,"comment_status":"closed","ping_status":"closed","template":"","meta":{"footnotes":""},"class_list":["post-540","page","type-page","status-publish"],"yoast_head":"<!-- This site is optimized with the Yoast SEO plugin v26.8 - https:\/\/yoast.com\/product\/yoast-seo-wordpress\/ -->\n<title>Mon approche en droit de l\u2019environnement - Jean Hugues Pierson<\/title>\n<meta name=\"robots\" content=\"index, follow, max-snippet:-1, max-image-preview:large, max-video-preview:-1\" \/>\n<link rel=\"canonical\" href=\"https:\/\/jhpierson-avocat.com\/index.php\/mon-approche-en-droit-de-lenvironnement\/\" \/>\n<meta property=\"og:locale\" content=\"fr_FR\" \/>\n<meta property=\"og:type\" content=\"article\" \/>\n<meta property=\"og:title\" content=\"Mon approche en droit de l\u2019environnement - Jean Hugues Pierson\" \/>\n<meta property=\"og:description\" content=\"Domaine encore largement en construction et de sources majoritairement europ\u00e9ennes, le droit de l\u2019environnement s\u2019est beaucoup d\u00e9velopp\u00e9 et affirm\u00e9 ces derni\u00e8res ann\u00e9es. Il est aussi devenu plus complexe. Bien qu\u2019il soit mal connu des entreprises comme des citoyens, le droit de l\u2019environnement est notre affaire \u00e0 tous : protection des espaces naturels, mise en place ... Lire la suite\" \/>\n<meta property=\"og:url\" content=\"https:\/\/jhpierson-avocat.com\/index.php\/mon-approche-en-droit-de-lenvironnement\/\" \/>\n<meta property=\"og:site_name\" content=\"Jean Hugues Pierson\" \/>\n<meta property=\"article:modified_time\" content=\"2023-09-25T15:03:36+00:00\" \/>\n<meta name=\"twitter:card\" content=\"summary_large_image\" \/>\n<meta name=\"twitter:label1\" content=\"Dur\u00e9e de lecture estim\u00e9e\" \/>\n\t<meta name=\"twitter:data1\" content=\"1 minute\" \/>\n<script type=\"application\/ld+json\" class=\"yoast-schema-graph\">{\"@context\":\"https:\/\/schema.org\",\"@graph\":[{\"@type\":\"WebPage\",\"@id\":\"https:\/\/jhpierson-avocat.com\/index.php\/mon-approche-en-droit-de-lenvironnement\/\",\"url\":\"https:\/\/jhpierson-avocat.com\/index.php\/mon-approche-en-droit-de-lenvironnement\/\",\"name\":\"Mon approche en droit de l\u2019environnement - Jean Hugues Pierson\",\"isPartOf\":{\"@id\":\"https:\/\/jhpierson-avocat.com\/#website\"},\"datePublished\":\"2023-01-24T17:48:03+00:00\",\"dateModified\":\"2023-09-25T15:03:36+00:00\",\"breadcrumb\":{\"@id\":\"https:\/\/jhpierson-avocat.com\/index.php\/mon-approche-en-droit-de-lenvironnement\/#breadcrumb\"},\"inLanguage\":\"fr-FR\",\"potentialAction\":[{\"@type\":\"ReadAction\",\"target\":[\"https:\/\/jhpierson-avocat.com\/index.php\/mon-approche-en-droit-de-lenvironnement\/\"]}]},{\"@type\":\"BreadcrumbList\",\"@id\":\"https:\/\/jhpierson-avocat.com\/index.php\/mon-approche-en-droit-de-lenvironnement\/#breadcrumb\",\"itemListElement\":[{\"@type\":\"ListItem\",\"position\":1,\"name\":\"Accueil\",\"item\":\"https:\/\/jhpierson-avocat.com\/\"},{\"@type\":\"ListItem\",\"position\":2,\"name\":\"Mon approche en droit de l\u2019environnement\"}]},{\"@type\":\"WebSite\",\"@id\":\"https:\/\/jhpierson-avocat.com\/#website\",\"url\":\"https:\/\/jhpierson-avocat.com\/\",\"name\":\"Jean Hugues Piersonjhpierson-avocat.com\",\"description\":\"Avocat au barreau de Paris\",\"publisher\":{\"@id\":\"https:\/\/jhpierson-avocat.com\/#\/schema\/person\/62781dbe11e70712f811f5ac768f1c63\"},\"potentialAction\":[{\"@type\":\"SearchAction\",\"target\":{\"@type\":\"EntryPoint\",\"urlTemplate\":\"https:\/\/jhpierson-avocat.com\/?s={search_term_string}\"},\"query-input\":{\"@type\":\"PropertyValueSpecification\",\"valueRequired\":true,\"valueName\":\"search_term_string\"}}],\"inLanguage\":\"fr-FR\"},{\"@type\":[\"Person\",\"Organization\"],\"@id\":\"https:\/\/jhpierson-avocat.com\/#\/schema\/person\/62781dbe11e70712f811f5ac768f1c63\",\"name\":\"JHPierson\",\"image\":{\"@type\":\"ImageObject\",\"inLanguage\":\"fr-FR\",\"@id\":\"https:\/\/jhpierson-avocat.com\/#\/schema\/person\/image\/\",\"url\":\"https:\/\/secure.gravatar.com\/avatar\/e3ee67eb0382221ccc7e2c92a7bc8cf84415620bc86e2fa3749cca71c3475f94?s=96&d=mm&r=g\",\"contentUrl\":\"https:\/\/secure.gravatar.com\/avatar\/e3ee67eb0382221ccc7e2c92a7bc8cf84415620bc86e2fa3749cca71c3475f94?s=96&d=mm&r=g\",\"caption\":\"JHPierson\"},\"logo\":{\"@id\":\"https:\/\/jhpierson-avocat.com\/#\/schema\/person\/image\/\"}}]}<\/script>\n<!-- \/ Yoast SEO plugin. -->","yoast_head_json":{"title":"Mon approche en droit de l\u2019environnement - Jean Hugues Pierson","robots":{"index":"index","follow":"follow","max-snippet":"max-snippet:-1","max-image-preview":"max-image-preview:large","max-video-preview":"max-video-preview:-1"},"canonical":"https:\/\/jhpierson-avocat.com\/index.php\/mon-approche-en-droit-de-lenvironnement\/","og_locale":"fr_FR","og_type":"article","og_title":"Mon approche en droit de l\u2019environnement - Jean Hugues Pierson","og_description":"Domaine encore largement en construction et de sources majoritairement europ\u00e9ennes, le droit de l\u2019environnement s\u2019est beaucoup d\u00e9velopp\u00e9 et affirm\u00e9 ces derni\u00e8res ann\u00e9es. Il est aussi devenu plus complexe. Bien qu\u2019il soit mal connu des entreprises comme des citoyens, le droit de l\u2019environnement est notre affaire \u00e0 tous : protection des espaces naturels, mise en place ... Lire la suite","og_url":"https:\/\/jhpierson-avocat.com\/index.php\/mon-approche-en-droit-de-lenvironnement\/","og_site_name":"Jean Hugues Pierson","article_modified_time":"2023-09-25T15:03:36+00:00","twitter_card":"summary_large_image","twitter_misc":{"Dur\u00e9e de lecture estim\u00e9e":"1 minute"},"schema":{"@context":"https:\/\/schema.org","@graph":[{"@type":"WebPage","@id":"https:\/\/jhpierson-avocat.com\/index.php\/mon-approche-en-droit-de-lenvironnement\/","url":"https:\/\/jhpierson-avocat.com\/index.php\/mon-approche-en-droit-de-lenvironnement\/","name":"Mon approche en droit de l\u2019environnement - Jean Hugues Pierson","isPartOf":{"@id":"https:\/\/jhpierson-avocat.com\/#website"},"datePublished":"2023-01-24T17:48:03+00:00","dateModified":"2023-09-25T15:03:36+00:00","breadcrumb":{"@id":"https:\/\/jhpierson-avocat.com\/index.php\/mon-approche-en-droit-de-lenvironnement\/#breadcrumb"},"inLanguage":"fr-FR","potentialAction":[{"@type":"ReadAction","target":["https:\/\/jhpierson-avocat.com\/index.php\/mon-approche-en-droit-de-lenvironnement\/"]}]},{"@type":"BreadcrumbList","@id":"https:\/\/jhpierson-avocat.com\/index.php\/mon-approche-en-droit-de-lenvironnement\/#breadcrumb","itemListElement":[{"@type":"ListItem","position":1,"name":"Accueil","item":"https:\/\/jhpierson-avocat.com\/"},{"@type":"ListItem","position":2,"name":"Mon approche en droit de l\u2019environnement"}]},{"@type":"WebSite","@id":"https:\/\/jhpierson-avocat.com\/#website","url":"https:\/\/jhpierson-avocat.com\/","name":"Jean Hugues Piersonjhpierson-avocat.com","description":"Avocat au barreau de Paris","publisher":{"@id":"https:\/\/jhpierson-avocat.com\/#\/schema\/person\/62781dbe11e70712f811f5ac768f1c63"},"potentialAction":[{"@type":"SearchAction","target":{"@type":"EntryPoint","urlTemplate":"https:\/\/jhpierson-avocat.com\/?s={search_term_string}"},"query-input":{"@type":"PropertyValueSpecification","valueRequired":true,"valueName":"search_term_string"}}],"inLanguage":"fr-FR"},{"@type":["Person","Organization"],"@id":"https:\/\/jhpierson-avocat.com\/#\/schema\/person\/62781dbe11e70712f811f5ac768f1c63","name":"JHPierson","image":{"@type":"ImageObject","inLanguage":"fr-FR","@id":"https:\/\/jhpierson-avocat.com\/#\/schema\/person\/image\/","url":"https:\/\/secure.gravatar.com\/avatar\/e3ee67eb0382221ccc7e2c92a7bc8cf84415620bc86e2fa3749cca71c3475f94?s=96&d=mm&r=g","contentUrl":"https:\/\/secure.gravatar.com\/avatar\/e3ee67eb0382221ccc7e2c92a7bc8cf84415620bc86e2fa3749cca71c3475f94?s=96&d=mm&r=g","caption":"JHPierson"},"logo":{"@id":"https:\/\/jhpierson-avocat.com\/#\/schema\/person\/image\/"}}]}},"_links":{"self":[{"href":"https:\/\/jhpierson-avocat.com\/index.php\/wp-json\/wp\/v2\/pages\/540","targetHints":{"allow":["GET"]}}],"collection":[{"href":"https:\/\/jhpierson-avocat.com\/index.php\/wp-json\/wp\/v2\/pages"}],"about":[{"href":"https:\/\/jhpierson-avocat.com\/index.php\/wp-json\/wp\/v2\/types\/page"}],"author":[{"embeddable":true,"href":"https:\/\/jhpierson-avocat.com\/index.php\/wp-json\/wp\/v2\/users\/2"}],"replies":[{"embeddable":true,"href":"https:\/\/jhpierson-avocat.com\/index.php\/wp-json\/wp\/v2\/comments?post=540"}],"version-history":[{"count":9,"href":"https:\/\/jhpierson-avocat.com\/index.php\/wp-json\/wp\/v2\/pages\/540\/revisions"}],"predecessor-version":[{"id":812,"href":"https:\/\/jhpierson-avocat.com\/index.php\/wp-json\/wp\/v2\/pages\/540\/revisions\/812"}],"wp:attachment":[{"href":"https:\/\/jhpierson-avocat.com\/index.php\/wp-json\/wp\/v2\/media?parent=540"}],"curies":[{"name":"wp","href":"https:\/\/api.w.org\/{rel}","templated":true}]}}